{"id":823,"date":"2022-02-28T11:21:09","date_gmt":"2022-02-28T11:21:09","guid":{"rendered":"https:\/\/diamant.com.al\/index.php\/equipment-rental\/"},"modified":"2022-02-28T14:58:09","modified_gmt":"2022-02-28T14:58:09","slug":"equipment-rental","status":"publish","type":"page","link":"https:\/\/diamant.com.al\/index.php\/equipment-rental\/?lang=sq","title":{"rendered":"PAJISJE ME QIRA"},"content":{"rendered":"<div class=\"wpb-content-wrapper\"><p>[vc_row][vc_column][vc_column_text]Diamant ofron mjete p\u00ebr qira afatshkurt\u00ebr dhe afatgjat\u00eb, t\u00eb p\u00ebrshtatshme p\u00ebr p\u00ebrdorime n\u00eb kantiere nd\u00ebrtimi, n\u00eb industrin\u00eb e naft\u00ebs e gazit si dhe shum\u00eb t\u00eb tjera. Mjet\u00ebt jan\u00eb t\u00eb certifikuara nga pal\u00eb t\u00eb treta p\u00ebr t\u00eb arritur standarded e siguris\u00eb s\u00eb k\u00ebrkuara nga klienti dhe autoritetet. Lista e mjeteve p\u00ebrfshijn\u00eb, dhe jo vet\u00ebm:[\/vc_column_text]<div class=\"standard-arrow bullet-top\"><ul>\n<li><strong>Vinc (60T, 100T, 160T, 250T)<\/strong><\/li>\n<li><strong>Lefterak\/ Pirun<\/strong><\/li>\n<li><strong>Kamion Vinc ( HIAB)<\/strong><\/li>\n<li><strong>Kulla Ndricimi (Lart\u00ebsi: 9 m, Viti Prodhimit: 2018, 4 x 300W Led)<\/strong><\/li>\n<li><strong>Konteiner\u00eb zyr\u00eb<\/strong><\/li>\n<li><strong>Ambulanc\u00eb<\/strong><\/li>\n<\/ul>\n<\/div>[vc_empty_space height=&#8221;15px&#8221;][vc_media_grid element_width=&#8221;3&#8243; grid_id=&#8221;vc_gid:1646060245628-670726ea-e088-1&#8243; include=&#8221;792,701,799,817&#8243;][vc_empty_space height=&#8221;10px&#8221;][\/vc_column][\/vc_row][vc_row][vc_column][vc_column_text]In addition, Diamant can find and source\/ rent any type of equipment needed for the job thanks to its extended supplier base, locally and internationally.[\/vc_column_text][vc_row_inner][vc_column_inner width=&#8221;1\/2&#8243;]<div class=\"aio-icon-component    style_1\"><div id=\"Info-box-wrap-2699\" class=\"aio-icon-box default-icon\" style=\"\"  ><div class=\"aio-icon-default\"><div class=\"ult-just-icon-wrapper  \"><div class=\"align-icon\" style=\"text-align:center;\">\n<div class=\"aio-icon-img \" style=\"font-size:45px;display:inline-block;\" >\n\t<img decoding=\"async\" class=\"img-icon\" alt=\"null\" src=\"https:\/\/diamant.com.al\/wp-content\/uploads\/2021\/01\/worker.png\"\/>\n<\/div><\/div><\/div><\/div><div class=\"aio-icon-header\" ><h3 class=\"aio-icon-title ult-responsive\"  data-ultimate-target='#Info-box-wrap-2699 .aio-icon-title'  data-responsive-json-new='{\"font-size\":\"\",\"line-height\":\"\"}'  style=\"\">Operator\u00eb me certifikat\u00eb<\/h3><\/div> <!-- header --><\/div> <!-- aio-icon-box --><\/div> <!-- aio-icon-component --><div class=\"aio-icon-component    style_1\"><div id=\"Info-box-wrap-9358\" class=\"aio-icon-box default-icon\" style=\"\"  ><div class=\"aio-icon-default\"><div class=\"ult-just-icon-wrapper  \"><div class=\"align-icon\" style=\"text-align:center;\">\n<div class=\"aio-icon-img \" style=\"font-size:45px;display:inline-block;\" >\n\t<img decoding=\"async\" class=\"img-icon\" alt=\"null\" src=\"https:\/\/diamant.com.al\/wp-content\/uploads\/2021\/01\/cargo.png\"\/>\n<\/div><\/div><\/div><\/div><div class=\"aio-icon-header\" ><h3 class=\"aio-icon-title ult-responsive\"  data-ultimate-target='#Info-box-wrap-9358 .aio-icon-title'  data-responsive-json-new='{\"font-size\":\"\",\"line-height\":\"\"}'  style=\"\">T\u00eb certifikuara nga pal\u00eb t\u00eb treta<\/h3><\/div> <!-- header --><\/div> <!-- aio-icon-box --><\/div> <!-- aio-icon-component -->[\/vc_column_inner][vc_column_inner width=&#8221;1\/2&#8243;]<div class=\"aio-icon-component    style_1\"><div id=\"Info-box-wrap-3213\" class=\"aio-icon-box default-icon\" style=\"\"  ><div class=\"aio-icon-default\"><div class=\"ult-just-icon-wrapper  \"><div class=\"align-icon\" style=\"text-align:center;\">\n<div class=\"aio-icon-img \" style=\"font-size:45px;display:inline-block;\" >\n\t<img decoding=\"async\" class=\"img-icon\" alt=\"null\" src=\"https:\/\/diamant.com.al\/wp-content\/uploads\/2021\/01\/warehouse.png\"\/>\n<\/div><\/div><\/div><\/div><div class=\"aio-icon-header\" ><h3 class=\"aio-icon-title ult-responsive\"  data-ultimate-target='#Info-box-wrap-3213 .aio-icon-title'  data-responsive-json-new='{\"font-size\":\"\",\"line-height\":\"\"}'  style=\"\">Mobilizim n\u00eb koh\u00eb<\/h3><\/div> <!-- header --><\/div> <!-- aio-icon-box --><\/div> <!-- aio-icon-component --><div class=\"aio-icon-component    style_1\"><div id=\"Info-box-wrap-8578\" class=\"aio-icon-box default-icon\" style=\"\"  ><div class=\"aio-icon-default\"><div class=\"ult-just-icon-wrapper  \"><div class=\"align-icon\" style=\"text-align:center;\">\n<div class=\"aio-icon-img \" style=\"font-size:45px;display:inline-block;\" >\n\t<img decoding=\"async\" class=\"img-icon\" alt=\"null\" src=\"https:\/\/diamant.com.al\/wp-content\/uploads\/2021\/01\/shipping.png\"\/>\n<\/div><\/div><\/div><\/div><div class=\"aio-icon-header\" ><h3 class=\"aio-icon-title ult-responsive\"  data-ultimate-target='#Info-box-wrap-8578 .aio-icon-title'  data-responsive-json-new='{\"font-size\":\"\",\"line-height\":\"\"}'  style=\"\">Regjistra sh\u00ebrbimesh t\u00eb disponueshme<\/h3><\/div> <!-- header --><\/div> <!-- aio-icon-box --><\/div> <!-- aio-icon-component -->[\/vc_column_inner][\/vc_row_inner][\/vc_column][\/vc_row]<\/p>\n<\/div>","protected":false},"excerpt":{"rendered":"<p>[vc_row][vc_column][vc_column_text]Diamant ofron mjete p\u00ebr qira afatshkurt\u00ebr dhe afatgjat\u00eb, t\u00eb p\u00ebrshtatshme p\u00ebr p\u00ebrdorime n\u00eb kantiere nd\u00ebrtimi, n\u00eb industrin\u00eb e naft\u00ebs e gazit si dhe shum\u00eb t\u00eb tjera. Mjet\u00ebt jan\u00eb t\u00eb certifikuara nga pal\u00eb t\u00eb treta p\u00ebr t\u00eb arritur standarded e siguris\u00eb s\u00eb k\u00ebrkuara nga klienti dhe autoritetet. Lista e mjeteve p\u00ebrfshijn\u00eb, dhe jo vet\u00ebm:[\/vc_column_text][vc_empty_space height=&#8221;15px&#8221;][vc_media_grid element_width=&#8221;3&#8243;&hellip;<\/p>\n","protected":false},"author":2,"featured_media":0,"parent":0,"menu_order":0,"comment_status":"closed","ping_status":"closed","template":"","meta":{"footnotes":""},"class_list":["post-823","page","type-page","status-publish","hentry","description-off"],"_links":{"self":[{"href":"https:\/\/diamant.com.al\/index.php\/wp-json\/wp\/v2\/pages\/823","targetHints":{"allow":["GET"]}}],"collection":[{"href":"https:\/\/diamant.com.al\/index.php\/wp-json\/wp\/v2\/pages"}],"about":[{"href":"https:\/\/diamant.com.al\/index.php\/wp-json\/wp\/v2\/types\/page"}],"author":[{"embeddable":true,"href":"https:\/\/diamant.com.al\/index.php\/wp-json\/wp\/v2\/users\/2"}],"replies":[{"embeddable":true,"href":"https:\/\/diamant.com.al\/index.php\/wp-json\/wp\/v2\/comments?post=823"}],"version-history":[{"count":7,"href":"https:\/\/diamant.com.al\/index.php\/wp-json\/wp\/v2\/pages\/823\/revisions"}],"predecessor-version":[{"id":832,"href":"https:\/\/diamant.com.al\/index.php\/wp-json\/wp\/v2\/pages\/823\/revisions\/832"}],"wp:attachment":[{"href":"https:\/\/diamant.com.al\/index.php\/wp-json\/wp\/v2\/media?parent=823"}],"curies":[{"name":"wp","href":"https:\/\/api.w.org\/{rel}","templated":true}]}}