{"id":540,"date":"2021-01-22T11:37:01","date_gmt":"2021-01-22T11:37:01","guid":{"rendered":"https:\/\/diamant.com.al\/?page_id=540"},"modified":"2022-05-21T14:34:32","modified_gmt":"2022-05-21T14:34:32","slug":"magazinim","status":"publish","type":"page","link":"https:\/\/diamant.com.al\/index.php\/magazinim\/?lang=sq","title":{"rendered":"Magazinim"},"content":{"rendered":"<div class=\"wpb-content-wrapper\"><p>[vc_row][vc_column width=&#8221;3\/6&#8243;][vc_column_text]<\/p>\n<p style=\"text-align: justify;\"><span style=\"color: #333333;\">N\u00eb terminalin logjistik t\u00eb Diamant ndodhen mbi 11.000 m2 sip\u00ebrfaqe magazina t\u00eb mbyllura, prej t\u00eb cilave rreth 4.000 sqm jan\u00eb magazina doganore. Fal\u00eb pozicionit t\u00eb favorsh\u00ebm pran\u00eb portit si dhe infrastruktur\u00ebs moderne n\u00eb magazinat tona, ne mund t\u00eb ofrojm\u00eb magazinazh t\u00eb llojeve t\u00eb ndryshme duke u kthyer n\u00eb qend\u00ebr distribucioni dhe duke p\u00ebrmbush cdo k\u00ebrkese tuaj\u00ebn.<\/span><\/p>\n<p>[\/vc_column_text]<div class=\"standard-arrow bullet-top\"><ul>\n<li>Magazin\u00eb doganore<\/li>\n<li>Shesh i jasht\u00ebm depozitimi<\/li>\n<li>Mund\u00ebsi p\u00ebr qira afatgjata magazine<\/li>\n<li>Menaxhim Inventari<\/li>\n<li>Paketim\/ Paletizim<\/li>\n<li>Ngarkim dhe sistemim malli n\u00eb konteiner<\/li>\n<li>Shp\u00ebrndarje<\/li>\n<li>Procedura doganore<\/li>\n<li>P\u00ebrfaq\u00ebsi fiskale<\/li>\n<\/ul>\n<\/div>[\/vc_column][vc_column width=&#8221;1\/2&#8243; css=&#8221;.vc_custom_1611331447770{margin-top: -20px !important;}&#8221;][vc_empty_space][vc_video link=&#8221;https:\/\/www.youtube.com\/watch?v=6gu-IAEDXm4&amp;t=8s&#8221;][vc_row_inner][vc_column_inner width=&#8221;1\/2&#8243;]<div class=\"aio-icon-component    style_1\"><div id=\"Info-box-wrap-7712\" class=\"aio-icon-box default-icon\" style=\"\"  ><div class=\"aio-icon-default\"><div class=\"ult-just-icon-wrapper  \"><div class=\"align-icon\" style=\"text-align:center;\">\n<div class=\"aio-icon-img \" style=\"font-size:48px;display:inline-block;\" >\n\t<img decoding=\"async\" class=\"img-icon\" alt=\"null\" src=\"https:\/\/diamant.com.al\/wp-content\/uploads\/2021\/01\/warehouse.png\"\/>\n<\/div><\/div><\/div><\/div><div class=\"aio-icon-header\" ><h3 class=\"aio-icon-title ult-responsive\"  data-ultimate-target='#Info-box-wrap-7712 .aio-icon-title'  data-responsive-json-new='{\"font-size\":\"\",\"line-height\":\"\"}'  style=\"\">Sistem Menaxhimi Magazine (WMS)<\/h3><\/div> <!-- header --><\/div> <!-- aio-icon-box --><\/div> <!-- aio-icon-component --><div class=\"aio-icon-component    style_1\"><div id=\"Info-box-wrap-2932\" class=\"aio-icon-box default-icon\" style=\"\"  ><div class=\"aio-icon-default\"><div class=\"ult-just-icon-wrapper  \"><div class=\"align-icon\" style=\"text-align:center;\">\n<div class=\"aio-icon-img \" style=\"font-size:48px;display:inline-block;\" >\n\t<img decoding=\"async\" class=\"img-icon\" alt=\"null\" src=\"https:\/\/diamant.com.al\/wp-content\/uploads\/2021\/01\/shipping.png\"\/>\n<\/div><\/div><\/div><\/div><div class=\"aio-icon-header\" ><h3 class=\"aio-icon-title ult-responsive\"  data-ultimate-target='#Info-box-wrap-2932 .aio-icon-title'  data-responsive-json-new='{\"font-size\":\"\",\"line-height\":\"\"}'  style=\"\">Siguracion malli<\/h3><\/div> <!-- header --><\/div> <!-- aio-icon-box --><\/div> <!-- aio-icon-component -->[\/vc_column_inner][vc_column_inner width=&#8221;1\/2&#8243;]<div class=\"aio-icon-component    style_1\"><div id=\"Info-box-wrap-2486\" class=\"aio-icon-box default-icon\" style=\"\"  ><div class=\"aio-icon-default\"><div class=\"ult-just-icon-wrapper  \"><div class=\"align-icon\" style=\"text-align:center;\">\n<div class=\"aio-icon-img \" style=\"font-size:48px;display:inline-block;\" >\n\t<img decoding=\"async\" class=\"img-icon\" alt=\"null\" src=\"https:\/\/diamant.com.al\/wp-content\/uploads\/2021\/01\/security-camera.png\"\/>\n<\/div><\/div><\/div><\/div><div class=\"aio-icon-header\" ><h3 class=\"aio-icon-title ult-responsive\"  data-ultimate-target='#Info-box-wrap-2486 .aio-icon-title'  data-responsive-json-new='{\"font-size\":\"\",\"line-height\":\"\"}'  style=\"\">24\/7 kamera dhe sigurim<\/h3><\/div> <!-- header --><\/div> <!-- aio-icon-box --><\/div> <!-- aio-icon-component --><div class=\"aio-icon-component    style_1\"><div id=\"Info-box-wrap-7684\" class=\"aio-icon-box default-icon\" style=\"\"  ><div class=\"aio-icon-default\"><div class=\"ult-just-icon-wrapper  \"><div class=\"align-icon\" style=\"text-align:center;\">\n<div class=\"aio-icon-img \" style=\"font-size:48px;display:inline-block;\" >\n\t<img decoding=\"async\" class=\"img-icon\" alt=\"null\" src=\"https:\/\/diamant.com.al\/wp-content\/uploads\/2021\/01\/medal.png\"\/>\n<\/div><\/div><\/div><\/div><div class=\"aio-icon-header\" ><h3 class=\"aio-icon-title ult-responsive\"  data-ultimate-target='#Info-box-wrap-7684 .aio-icon-title'  data-responsive-json-new='{\"font-size\":\"\",\"line-height\":\"\"}'  style=\"\">Operator lefteraku t\u00eb certifikuar<\/h3><\/div> <!-- header --><\/div> <!-- aio-icon-box --><\/div> <!-- aio-icon-component -->[\/vc_column_inner][\/vc_row_inner][\/vc_column][\/vc_row]<\/p>\n<\/div>","protected":false},"excerpt":{"rendered":"<p>[vc_row][vc_column width=&#8221;3\/6&#8243;][vc_column_text] N\u00eb terminalin logjistik t\u00eb Diamant ndodhen mbi 11.000 m2 sip\u00ebrfaqe magazina t\u00eb mbyllura, prej t\u00eb cilave rreth 4.000 sqm jan\u00eb magazina doganore. Fal\u00eb pozicionit t\u00eb favorsh\u00ebm pran\u00eb portit si dhe infrastruktur\u00ebs moderne n\u00eb magazinat tona, ne mund t\u00eb ofrojm\u00eb magazinazh t\u00eb llojeve t\u00eb ndryshme duke u kthyer n\u00eb qend\u00ebr distribucioni dhe duke p\u00ebrmbush&hellip;<\/p>\n","protected":false},"author":3,"featured_media":0,"parent":0,"menu_order":0,"comment_status":"closed","ping_status":"closed","template":"","meta":{"footnotes":""},"class_list":["post-540","page","type-page","status-publish","hentry","description-off"],"_links":{"self":[{"href":"https:\/\/diamant.com.al\/index.php\/wp-json\/wp\/v2\/pages\/540","targetHints":{"allow":["GET"]}}],"collection":[{"href":"https:\/\/diamant.com.al\/index.php\/wp-json\/wp\/v2\/pages"}],"about":[{"href":"https:\/\/diamant.com.al\/index.php\/wp-json\/wp\/v2\/types\/page"}],"author":[{"embeddable":true,"href":"https:\/\/diamant.com.al\/index.php\/wp-json\/wp\/v2\/users\/3"}],"replies":[{"embeddable":true,"href":"https:\/\/diamant.com.al\/index.php\/wp-json\/wp\/v2\/comments?post=540"}],"version-history":[{"count":9,"href":"https:\/\/diamant.com.al\/index.php\/wp-json\/wp\/v2\/pages\/540\/revisions"}],"predecessor-version":[{"id":855,"href":"https:\/\/diamant.com.al\/index.php\/wp-json\/wp\/v2\/pages\/540\/revisions\/855"}],"wp:attachment":[{"href":"https:\/\/diamant.com.al\/index.php\/wp-json\/wp\/v2\/media?parent=540"}],"curies":[{"name":"wp","href":"https:\/\/api.w.org\/{rel}","templated":true}]}}