{"id":532,"date":"2021-01-22T11:28:21","date_gmt":"2021-01-22T11:28:21","guid":{"rendered":"https:\/\/diamant.com.al\/?page_id=532"},"modified":"2021-01-22T11:30:31","modified_gmt":"2021-01-22T11:30:31","slug":"transport-ajror","status":"publish","type":"page","link":"https:\/\/diamant.com.al\/index.php\/transport-ajror\/?lang=sq","title":{"rendered":"Transport Ajror"},"content":{"rendered":"<div class=\"wpb-content-wrapper\"><p>[vc_row][vc_column width=&#8221;3\/6&#8243;][vc_column_text]<\/p>\n<p style=\"text-align: justify;\"><span style=\"color: #333333;\">Diamant ofron zgjidhjet m\u00eb t\u00eb mira ajrore p\u00ebr d\u00ebrgesen tuaj, kudo q\u00eb ndodhet. Fal\u00eb nje rrjeti global partner\u00ebsh dhe marr\u00ebdh\u00ebnie t\u00eb ngusht\u00eb me linjat kryesore ajrore, ne mund t\u00eb mbulojm\u00eb cdo k\u00ebrkes\u00eb tuaj\u00ebn, qoft\u00eb p\u00ebr ngarkesa t\u00eb zakonshme ashtu edhe p\u00ebr ato dergesa speciale ku koha \u00ebsht\u00eb kritike dhe kan\u00eb nevoj\u00eb p\u00ebr ndjekje t\u00eb vecant\u00eb. Ekipi yn\u00eb ndjek transportin n\u00eb cdo hap, nga t\u00ebrheqja n\u00eb adres\u00eb e deri tek dor\u00ebzimi I sigurt\u00eb n\u00eb destinacion, duke u kujdesur p\u00ebr t\u00eb gjitha hallkat dhe shpenzimet aeroportuale.<\/span><\/p>\n<p>[\/vc_column_text]<div class=\"standard-arrow bullet-top\"><ul>\n<li>Transporte ajrore nga e gjith\u00eb bota p\u00ebr\/ nga Shqip\u00ebria<\/li>\n<li>Asistenc\u00eb n\u00eb dokumentacion<\/li>\n<li>Rezervime me linjat ajrore kryesore<\/li>\n<li>Korrespondent\u00eb n\u00eb mbar\u00eb bot\u00ebn<\/li>\n<li>Sh\u00ebrbim charter (per cargo)<\/li>\n<li>Asistenc\u00eb n\u00eb sh\u00ebrbimet aeroportuale<\/li>\n<\/ul>\n<\/div>[\/vc_column][vc_column width=&#8221;1\/2&#8243;][vc_column_text][fc id=&#8217;5&#8242;][\/fc][\/vc_column_text][vc_empty_space height=&#8221;10px&#8221;][\/vc_column][\/vc_row]<\/p>\n<\/div>","protected":false},"excerpt":{"rendered":"<p>[vc_row][vc_column width=&#8221;3\/6&#8243;][vc_column_text] Diamant ofron zgjidhjet m\u00eb t\u00eb mira ajrore p\u00ebr d\u00ebrgesen tuaj, kudo q\u00eb ndodhet. Fal\u00eb nje rrjeti global partner\u00ebsh dhe marr\u00ebdh\u00ebnie t\u00eb ngusht\u00eb me linjat kryesore ajrore, ne mund t\u00eb mbulojm\u00eb cdo k\u00ebrkes\u00eb tuaj\u00ebn, qoft\u00eb p\u00ebr ngarkesa t\u00eb zakonshme ashtu edhe p\u00ebr ato dergesa speciale ku koha \u00ebsht\u00eb kritike dhe kan\u00eb nevoj\u00eb p\u00ebr ndjekje&hellip;<\/p>\n","protected":false},"author":3,"featured_media":0,"parent":0,"menu_order":0,"comment_status":"closed","ping_status":"closed","template":"","meta":{"footnotes":""},"class_list":["post-532","page","type-page","status-publish","hentry","description-off"],"_links":{"self":[{"href":"https:\/\/diamant.com.al\/index.php\/wp-json\/wp\/v2\/pages\/532","targetHints":{"allow":["GET"]}}],"collection":[{"href":"https:\/\/diamant.com.al\/index.php\/wp-json\/wp\/v2\/pages"}],"about":[{"href":"https:\/\/diamant.com.al\/index.php\/wp-json\/wp\/v2\/types\/page"}],"author":[{"embeddable":true,"href":"https:\/\/diamant.com.al\/index.php\/wp-json\/wp\/v2\/users\/3"}],"replies":[{"embeddable":true,"href":"https:\/\/diamant.com.al\/index.php\/wp-json\/wp\/v2\/comments?post=532"}],"version-history":[{"count":3,"href":"https:\/\/diamant.com.al\/index.php\/wp-json\/wp\/v2\/pages\/532\/revisions"}],"predecessor-version":[{"id":539,"href":"https:\/\/diamant.com.al\/index.php\/wp-json\/wp\/v2\/pages\/532\/revisions\/539"}],"wp:attachment":[{"href":"https:\/\/diamant.com.al\/index.php\/wp-json\/wp\/v2\/media?parent=532"}],"curies":[{"name":"wp","href":"https:\/\/api.w.org\/{rel}","templated":true}]}}