{"id":530,"date":"2021-01-22T11:19:13","date_gmt":"2021-01-22T11:19:13","guid":{"rendered":"https:\/\/diamant.com.al\/?page_id=530"},"modified":"2022-05-21T14:24:28","modified_gmt":"2022-05-21T14:24:28","slug":"transport-detar","status":"publish","type":"page","link":"https:\/\/diamant.com.al\/index.php\/transport-detar\/?lang=sq","title":{"rendered":"Transport Detar"},"content":{"rendered":"<div class=\"wpb-content-wrapper\"><p>[vc_row][vc_column width=&#8221;3\/6&#8243;][vc_column_text]<\/p>\n<p style=\"text-align: justify;\"><span style=\"color: #333333;\">Diamant ofron transport detar me konteiner\u00eb t\u00eb plot\u00eb, konteiner\u00eb grupazh dhe transport t\u00eb mallrave jo n\u00eb konteiner\u00eb (break bulk). Fal\u00eb bashk\u00ebpunimit me linjat kryesore dhe rrjetit t\u00eb fort\u00eb t\u00eb korrespondent\u00ebve, ne arrijme arrijm\u00eb t\u00eb ofrojm\u00eb cmime konkuruese me nj\u00eb sh\u00ebrbim ekselent. Sh\u00ebrbimi jon\u00eb \u00ebsht\u00eb i alternuar sipas nevojave t\u00eb klientit, nga porti n\u00eb port, os\u00eb nga adresa e furnitorit deri n\u00eb adres\u00ebn e dor\u00ebzimit.<\/span><\/p>\n<p>[\/vc_column_text]<div class=\"standard-arrow bullet-top\"><ul>\n<li>Sh\u00ebrbim FCL\/ LCL<\/li>\n<li>Transport detar\u00eb ngarkesa jasht\u00eb dimensioneve<\/li>\n<li>Transport i kombinuar<\/li>\n<li>Operacione doganore eksport\/ import<\/li>\n<li>Korrespondent\u00eb n\u00eb mbi 80 vende t\u00eb bot\u00ebs<\/li>\n<li>Siguracion malli<\/li>\n<\/ul>\n<\/div>[vc_column_text]<\/p>\n<p style=\"text-align: justify;\">Linj\u00eb grupazhi nga Kina &#8211; Shqip\u00ebri. Na kontaktoni p\u00ebr t\u00eb marr nj\u00eb preventiv.<\/p>\n<p>[\/vc_column_text][vc_column_text]<\/p>\n<p style=\"text-align: left;\"><strong><span style=\"color: #333333;\">Kontakt<br \/>\n<\/span><\/strong><span style=\"color: #333333;\"><strong>Tel:<\/strong> +355 52 901056<\/span><span style=\"color: #333333;\"><br \/>\n<strong>Email:<\/strong> forwarding@diamant.com.al<\/span><\/p>\n<p>[\/vc_column_text][\/vc_column][vc_column width=&#8221;1\/2&#8243;][vc_column_text][fc id=&#8217;5&#8242;][\/fc][\/vc_column_text][vc_empty_space height=&#8221;10px&#8221;][\/vc_column][\/vc_row]<\/p>\n<\/div>","protected":false},"excerpt":{"rendered":"<p>[vc_row][vc_column width=&#8221;3\/6&#8243;][vc_column_text] Diamant ofron transport detar me konteiner\u00eb t\u00eb plot\u00eb, konteiner\u00eb grupazh dhe transport t\u00eb mallrave jo n\u00eb konteiner\u00eb (break bulk). Fal\u00eb bashk\u00ebpunimit me linjat kryesore dhe rrjetit t\u00eb fort\u00eb t\u00eb korrespondent\u00ebve, ne arrijme arrijm\u00eb t\u00eb ofrojm\u00eb cmime konkuruese me nj\u00eb sh\u00ebrbim ekselent. Sh\u00ebrbimi jon\u00eb \u00ebsht\u00eb i alternuar sipas nevojave t\u00eb klientit, nga porti n\u00eb&hellip;<\/p>\n","protected":false},"author":3,"featured_media":0,"parent":0,"menu_order":0,"comment_status":"closed","ping_status":"closed","template":"","meta":{"footnotes":""},"class_list":["post-530","page","type-page","status-publish","hentry","description-off"],"_links":{"self":[{"href":"https:\/\/diamant.com.al\/index.php\/wp-json\/wp\/v2\/pages\/530","targetHints":{"allow":["GET"]}}],"collection":[{"href":"https:\/\/diamant.com.al\/index.php\/wp-json\/wp\/v2\/pages"}],"about":[{"href":"https:\/\/diamant.com.al\/index.php\/wp-json\/wp\/v2\/types\/page"}],"author":[{"embeddable":true,"href":"https:\/\/diamant.com.al\/index.php\/wp-json\/wp\/v2\/users\/3"}],"replies":[{"embeddable":true,"href":"https:\/\/diamant.com.al\/index.php\/wp-json\/wp\/v2\/comments?post=530"}],"version-history":[{"count":3,"href":"https:\/\/diamant.com.al\/index.php\/wp-json\/wp\/v2\/pages\/530\/revisions"}],"predecessor-version":[{"id":555,"href":"https:\/\/diamant.com.al\/index.php\/wp-json\/wp\/v2\/pages\/530\/revisions\/555"}],"wp:attachment":[{"href":"https:\/\/diamant.com.al\/index.php\/wp-json\/wp\/v2\/media?parent=530"}],"curies":[{"name":"wp","href":"https:\/\/api.w.org\/{rel}","templated":true}]}}