{"id":298,"date":"2019-07-12T10:50:48","date_gmt":"2019-07-12T10:50:48","guid":{"rendered":"https:\/\/diamant.com.al\/index.php\/job-opportunities\/"},"modified":"2020-12-18T16:15:44","modified_gmt":"2020-12-18T16:15:44","slug":"job-opportunities","status":"publish","type":"page","link":"https:\/\/diamant.com.al\/index.php\/job-opportunities\/?lang=sq","title":{"rendered":"Mund\u00ebsi Pune"},"content":{"rendered":"<div class=\"wpb-content-wrapper\"><p>[vc_row][vc_column][vc_custom_heading text=&#8221;Aplikues p\u00ebr pun\u00eb&#8221; font_container=&#8221;tag:h2|font_size:16|text_align:left|color:%23333333&#8243; google_fonts=&#8221;font_family:Roboto%3A100%2C100italic%2C300%2C300italic%2Cregular%2Citalic%2C500%2C500italic%2C700%2C700italic%2C900%2C900italic|font_style:700%20bold%20regular%3A700%3Anormal&#8221;][vc_column_text]<\/p>\n<p style=\"text-align: justify;\"><span style=\"color: #333333;\">Diamant ofron mund\u00ebsi t\u00eb ndryshme p\u00ebr pun\u00eb p\u00ebr t\u00eb gjith\u00eb ata q\u00eb kan\u00eb pasion menaxhimin, spedicionin, logjistik\u00ebn dhe planifikimin. Kopmania ofron pozicione ky\u00e7e n\u00eb transport, magazine dhe agjensi doganore.<\/span><\/p>\n<p>&nbsp;<\/p>\n<p>[\/vc_column_text][\/vc_column][\/vc_row][vc_row][vc_column][vc_custom_heading text=&#8221;Internship p\u00ebr student\u00eb&#8221; font_container=&#8221;tag:h2|font_size:16|text_align:left|color:%23333333&#8243; google_fonts=&#8221;font_family:Roboto%3A100%2C100italic%2C300%2C300italic%2Cregular%2Citalic%2C500%2C500italic%2C700%2C700italic%2C900%2C900italic|font_style:700%20bold%20regular%3A700%3Anormal&#8221;][vc_column_text]<\/p>\n<p style=\"text-align: justify;\"><span style=\"color: #333333;\">Diamant ofron mund\u00ebsi praktike t\u00eb paguar p\u00ebr student\u00eb\/ t\u00eb sapodiplomuar n\u00eb departamente t\u00eb ndryshme. N\u00eb fund t\u00eb programit, aplikanti do t\u00eb jet\u00eb i aft\u00eb t\u00eb kuptoj si funksionon industria e transportit, terminologjia dhe t\u00eb kuptoj pun\u00ebn n\u00eb grup. \u00cbsht\u00eb n\u00eb interes t\u00eb kompanis\u00eb t\u00eb ofroj\u00eb pun\u00eb me koh\u00eb t\u00eb plot\u00eb cdok\u00ebnd q\u00eb ka performanc\u00eb t\u00eb shk\u00eblqyer<br \/>\n<\/span><\/p>\n<p>[\/vc_column_text][\/vc_column][\/vc_row][vc_row][vc_column][vc_custom_heading text=&#8221;Student\u00eb t\u00eb huaj&#8221; font_container=&#8221;tag:h2|font_size:16|text_align:left|color:%23333333&#8243; google_fonts=&#8221;font_family:Roboto%3A100%2C100italic%2C300%2C300italic%2Cregular%2Citalic%2C500%2C500italic%2C700%2C700italic%2C900%2C900italic|font_style:700%20bold%20regular%3A700%3Anormal&#8221;][vc_column_text]<\/p>\n<p style=\"text-align: justify;\"><span style=\"color: #333333;\">Diamant ofron praktik\u00eb p\u00ebr student\u00eb t\u00eb huaj q\u00eb k\u00ebekojn\u00eb eksperienc\u00eb n\u00eb Shqip\u00ebri p\u00ebrsa i p\u00ebrket fush\u00ebs logjistike. Kompania ka pritur m\u00eb par\u00eb stident\u00eb t\u00eb huaj n\u00eb programe 3 \u2013 6 muaj. Gjuha angleze ose italiane jan\u00eb t\u00eb detyrueshme p\u00ebr k\u00ebto programe.<br \/>\n<\/span><\/p>\n<p>[\/vc_column_text][\/vc_column][\/vc_row][vc_row][vc_column][vc_custom_heading text=&#8221;Apliko Tani&#8221; font_container=&#8221;tag:h2|font_size:16|text_align:left|color:%23333333&#8243; google_fonts=&#8221;font_family:Roboto%3A100%2C100italic%2C300%2C300italic%2Cregular%2Citalic%2C500%2C500italic%2C700%2C700italic%2C900%2C900italic|font_style:700%20bold%20regular%3A700%3Anormal&#8221;][vc_column_text]<\/p>\n<p style=\"text-align: justify;\"><span style=\"color: #333333;\">N\u00ebse mendon se ke aft\u00ebsit\u00eb e duhura dhe pasion rreth logjistik\u00ebs, atehere apliko tani duke d\u00ebrguar CV t\u00ebnde tek pune@diamant.com.al. N\u00eb rast se po aplikon p\u00ebr nj\u00eb pozicion pune specifik t \u00eblistuar tek pozicionet e lira, at\u00ebhere specifiko dhe referenc\u00ebn e pun\u00ebs. Aplikimi juaj do t\u00eb shqyrtohet dhe do ju kontaktojm\u00eb ne p\u00ebr hapat e m\u00ebtejshme t\u00eb rekrutimit.<\/span><\/p>\n<p>&nbsp;<\/p>\n<p>[\/vc_column_text][\/vc_column][\/vc_row]<\/p>\n<\/div>","protected":false},"excerpt":{"rendered":"<p>[vc_row][vc_column][vc_custom_heading text=&#8221;Aplikues p\u00ebr pun\u00eb&#8221; font_container=&#8221;tag:h2|font_size:16|text_align:left|color:%23333333&#8243; google_fonts=&#8221;font_family:Roboto%3A100%2C100italic%2C300%2C300italic%2Cregular%2Citalic%2C500%2C500italic%2C700%2C700italic%2C900%2C900italic|font_style:700%20bold%20regular%3A700%3Anormal&#8221;][vc_column_text] Diamant ofron mund\u00ebsi t\u00eb ndryshme p\u00ebr pun\u00eb p\u00ebr t\u00eb gjith\u00eb ata q\u00eb kan\u00eb pasion menaxhimin, spedicionin, logjistik\u00ebn dhe planifikimin. Kopmania ofron pozicione ky\u00e7e n\u00eb transport, magazine dhe agjensi doganore. &nbsp; [\/vc_column_text][\/vc_column][\/vc_row][vc_row][vc_column][vc_custom_heading text=&#8221;Internship p\u00ebr student\u00eb&#8221; font_container=&#8221;tag:h2|font_size:16|text_align:left|color:%23333333&#8243; google_fonts=&#8221;font_family:Roboto%3A100%2C100italic%2C300%2C300italic%2Cregular%2Citalic%2C500%2C500italic%2C700%2C700italic%2C900%2C900italic|font_style:700%20bold%20regular%3A700%3Anormal&#8221;][vc_column_text] Diamant ofron mund\u00ebsi praktike t\u00eb paguar p\u00ebr student\u00eb\/ t\u00eb sapodiplomuar n\u00eb departamente t\u00eb&hellip;<\/p>\n","protected":false},"author":3,"featured_media":0,"parent":0,"menu_order":0,"comment_status":"closed","ping_status":"closed","template":"","meta":{"footnotes":""},"class_list":["post-298","page","type-page","status-publish","hentry","description-off"],"_links":{"self":[{"href":"https:\/\/diamant.com.al\/index.php\/wp-json\/wp\/v2\/pages\/298","targetHints":{"allow":["GET"]}}],"collection":[{"href":"https:\/\/diamant.com.al\/index.php\/wp-json\/wp\/v2\/pages"}],"about":[{"href":"https:\/\/diamant.com.al\/index.php\/wp-json\/wp\/v2\/types\/page"}],"author":[{"embeddable":true,"href":"https:\/\/diamant.com.al\/index.php\/wp-json\/wp\/v2\/users\/3"}],"replies":[{"embeddable":true,"href":"https:\/\/diamant.com.al\/index.php\/wp-json\/wp\/v2\/comments?post=298"}],"version-history":[{"count":1,"href":"https:\/\/diamant.com.al\/index.php\/wp-json\/wp\/v2\/pages\/298\/revisions"}],"predecessor-version":[{"id":299,"href":"https:\/\/diamant.com.al\/index.php\/wp-json\/wp\/v2\/pages\/298\/revisions\/299"}],"wp:attachment":[{"href":"https:\/\/diamant.com.al\/index.php\/wp-json\/wp\/v2\/media?parent=298"}],"curies":[{"name":"wp","href":"https:\/\/api.w.org\/{rel}","templated":true}]}}