{"id":293,"date":"2019-07-12T10:48:54","date_gmt":"2019-07-12T10:48:54","guid":{"rendered":"https:\/\/diamant.com.al\/index.php\/current-vacancies\/"},"modified":"2022-05-24T16:09:20","modified_gmt":"2022-05-24T16:09:20","slug":"current-vacancies","status":"publish","type":"page","link":"https:\/\/diamant.com.al\/index.php\/current-vacancies\/?lang=sq","title":{"rendered":"Pozicione t\u00eb lir\u00eb pune"},"content":{"rendered":"<div class=\"wpb-content-wrapper\"><p>[vc_row][vc_column][vc_tabs][vc_tab title=&#8221;Specialist Transporti&#8221; tab_id=&#8221;9b716078-6478-8&#8243;][vc_column_text]<strong>P\u00ebrshkrimi i pozicionit<\/strong><\/p>\n<p>Kompania Diamant po k\u00ebrkon t\u00eb rekrutoj\u00eb Specialist Transporti, detyra kryesore e t\u00eb cilit\/ cil\u00ebs \u00ebsht\u00eb t\u00eb planifikoj\u00eb, organizoj\u00eb dhe koordinoj\u00eb transporte nd\u00ebrkomb\u00ebtare mallrash, n\u00ebp\u00ebrmjet rrug\u00ebve tok\u00ebsore, detare dhe ajrore. Diamant k\u00ebrkon persona t\u00eb apasionuar me logjistik\u00ebn, pun\u00ebs dinamike e n\u00eb grup, me d\u00ebshir\u00eb e vullnet p\u00ebr t\u00eb m\u00ebsuar e rritur profesionalisht. Kandidati duhet t\u00eb p\u00ebrputhet me vlerat e kompanis\u00eb q\u00eb jan\u00eb <strong>integriteti, ndershm\u00ebria, bashk\u00ebpunimi, entuziazmi dhe ekselenca!<\/strong><\/p>\n<p><strong>P\u00ebrgjegj\u00ebsit\u00eb Kryesore<\/strong><\/p>\n<ul>\n<li>Komunikim me klient\u00eb p\u00ebr ofrimin e sh\u00ebrbimeve t\u00eb transportit nd\u00ebrkomb\u00ebtar\u00eb.<\/li>\n<li>Ndjekja e nj\u00eb transporti nga ana operacionale.<\/li>\n<li>Koordinim me t\u00eb gjitha hallkat e zinxhirit t\u00eb furnizimit p\u00ebr t\u00eb garantuar transport efikas dhe t\u00eb shpejt\u00eb.<\/li>\n<li>Studimi dhe sugjerimi i varianteve sa m\u00eb efikase t\u00eb transporteve.<\/li>\n<li>Krijim dhe mbajtje marr\u00ebdheniesh korrekte me klient\u00eb, furnitor\u00eb dhe partner\u00eb t\u00eb kompanis\u00eb.<\/li>\n<li>Bashk\u00ebpunim me sektort\u00eb t\u00eb tjer\u00eb t\u00eb kompanis\u00eb p\u00ebr optimizim t\u00eb sh\u00ebrbimit t\u00eb transportit.<\/li>\n<li>Mbar\u00ebvajtje t\u00eb dokumentacioneve qe lidhen me cdo transport.<\/li>\n<\/ul>\n<p><strong>Kriteret<\/strong><\/p>\n<ul>\n<li>Aft\u00ebsi organizuese t\u00eb shk\u00eblqyera.<\/li>\n<li>Aft\u00ebsi p\u00ebr t&#8217;i dh\u00ebn\u00eb zgjidhje situatave t\u00eb ndryshme.<\/li>\n<li>Aft\u00ebsi p\u00ebr t\u00eb bashk\u00ebpunuar ne grup.<\/li>\n<li>Aft\u00ebsi t\u00eb shk\u00eblqyera komunikimi duke pasqyruar korrekt\u00ebsi dhe profesionaliz\u00ebm.<\/li>\n<li>Eksperienc\u00eb pune minimumi 2 vjet, e preferueshme n\u00eb industrin\u00eb e transportit, prodhimit dhe distribucionit.<\/li>\n<li>Njohuri shum\u00eb t\u00eb mira t\u00eb gjuh\u00ebs Italiane dhe Angleze.<\/li>\n<li>Diplom\u00eb universitare e preferueshme n\u00eb fushat Menaxhim Transporti, Administrim Biznesi dhe Marketing.<\/li>\n<\/ul>\n<p>N\u00ebse mendoni se ky pozicion pune ju p\u00ebrshtatet, ateh\u00ebre bashkojuni skuadr\u00ebs son\u00eb duke d\u00ebrguar CV-n\u00eb tuaj tek adresa <a href=\"mailto:pune@diamant.com.al\"><strong>pune@diamant.com.al <\/strong><\/a><\/p>\n<p>Aplikimet do t\u00eb vler\u00ebsohen dhe kandidat\u00ebt e p\u00ebrzgjedhur do t\u00eb thirren p\u00ebr nje intervist\u00eb pune.[\/vc_column_text][\/vc_tab][vc_tab title=&#8221;Magazinier&#8221; tab_id=&#8221;a821a76c-3846-4&#8243;][vc_column_text]<strong>P\u00ebrshkrimi i pozicionit<\/strong><\/p>\n<p>Kompania DIAMANT eshte ne kerkim te nje Magazinieri i cili do kerkohet te punoje me kohe te plote ne magazinat e kompanise. Magazinieri do te jete kryesisht pergjegjes per shkarkimet dhe ringarkimet e mallrave tregtare nga magazina qe do t&#8217;i caktohet, ne baze te udhezimeve te brendshme te kompanise. Pjese e pergjegjesive eshte dhe raportimi i mallrave te demtuar, mbajtja e inventarit, mirembajtja e mjeteve te punes, raportimi i difekteve si dhe duhet te jete ne gjendje te mbaje paster ambientin e punes. Kandidati duhet t\u00eb p\u00ebrputhet me vlerat e kompanis\u00eb q\u00eb jan\u00eb integriteti, ndershm\u00ebria, bashk\u00ebpunimi, entuziazmi dhe ekselenca!<\/p>\n<p><strong>P\u00ebrgjegj\u00ebsit\u00eb Kryesore<\/strong><\/p>\n<ul>\n<li>Te shkarkoje mallra tregtare ne magazine dhe te firmose mbi marrjen ne dorezim.<\/li>\n<li>Te pozicionoje mallrat ne magazine ne vendet e percaktuara.<\/li>\n<li>Te perdore mjetet e punes si transpalete dhe lefterak.<\/li>\n<li>Te raportoje per cdo demtim te mallit gjate marrjes ne dorezim.<\/li>\n<li>Te identifikoj dhe te organizoj ngarkimin e cdo dergese nga magazina per shperndarje. te mbaj inventar per hyrjet\/ daljet qe kryen.<\/li>\n<li>Te mbaj paster ambientin e punes.<\/li>\n<\/ul>\n<p><strong>Kriteret<\/strong><\/p>\n<ul>\n<li>Magazinieri duhet te kete eksperience te mjaftueshme pune ne drejtimin e lefterakut.<\/li>\n<li>Te ndjeke me perpikmeri te gjitha udhezimet e sigurise ne pune si dhe te kete aftesi te mira organizuese dhe pune ne grup.<\/li>\n<\/ul>\n<p>N\u00ebse mendoni se ky pozicion pune ju p\u00ebrshtatet, ateh\u00ebre bashkojuni skuadr\u00ebs son\u00eb duke d\u00ebrguar CV-n\u00eb tuaj tek adresa <a href=\"mailto:pune@diamant.com.al\"><strong>pune@diamant.com.al<\/strong><\/a><\/p>\n<p>Aplikimet do t\u00eb vler\u00ebsohen dhe kandidatit mund t\u2019i k\u00ebrkohet dhe nje intervist\u00eb pune.[\/vc_column_text][\/vc_tab][vc_tab title=&#8221;Shofer Kamioni&#8221; tab_id=&#8221;1653141533135-2-3&#8243;][vc_column_text]<strong>P<\/strong><strong>\u00ebrshkrimi i<\/strong><strong> pozicionit<\/strong><\/p>\n<p>Kompania DIAMANT eshte ne kerkim te nje Shoferi Kamioni i cili do kryej\u00eb rrug\u00eb nd\u00ebrkomb\u00ebtare vet\u00ebm me Italin\u00eb. Shoferi duhet t\u00eb p\u00ebrmbush\u00eb n\u00eb koh\u00eb udh\u00ebzimet e ngarkimeve n\u00eb plan dhe t\u00eb respektoj\u00eb Kodin Rrugor\u00eb, oraret e pushimit dhe ligjet n\u00eb fuqi.<\/p>\n<p><strong>Kriteret<\/strong><\/p>\n<ul>\n<li>Shoferi duhet t\u00eb ket\u00eb patent\u00eb t\u00eb tipit CE.<\/li>\n<li>Te njoh dhe zbatoje mir\u00eb Kodin Rrugor\u00eb dhe kushtet e sigurise ne pune.<\/li>\n<li>Te kete ushtruar me pare punen e shoferit ne rruge nderkombetare.<\/li>\n<\/ul>\n<p>N\u00ebse mendoni se ky pozicion pune ju p\u00ebrshtatet, atehere bashkojuni skuadr\u00ebs son\u00eb duke d\u00ebrguar CV-n\u00eb tuaj tek adresa <a href=\"mailto:pune@diamant.com.al\"><strong>pune@diamant.com.al<\/strong><\/a> ose duke na kontaktuar ne <strong>tel. +355 676039503.<\/strong><\/p>\n<p>Aplikimet do t\u00eb vler\u00ebsohen dhe kandidatit mund t\u2019i k\u00ebrkohet dhe nje intervist\u00eb pune.[\/vc_column_text][\/vc_tab][vc_tab title=&#8221;Shofer Furgoni&#8221; tab_id=&#8221;1653141564845-3-8&#8243;][vc_column_text]<strong>P\u00ebrshkrimi i pozicionit<\/strong><\/p>\n<p>Kompania DIAMANT eshte ne kerkim te nje Shoferi Furgoni Pasagjeresh i cili do kryej\u00eb rrug\u00eb vjatje- ardhje punonj\u00ebsisht n\u00eb zon\u00ebn e Durr\u00ebsit. Shoferi duhet t\u00eb respektoj\u00eb oraret dhe si t\u00eb njoh\u00eb mir\u00eb Kodin Rrugor\u00eb dhe ligjet n\u00eb fuqi.<\/p>\n<p><strong>Kriteret<\/strong><\/p>\n<ul>\n<li>Shoferi duhet t\u00eb ket\u00eb patent\u00eb t\u00eb tipit D.<\/li>\n<li>Te njoh dhe zbatoje mir\u00eb Kodin Rrugor\u00eb dhe kushtet e sigurise ne pune.<\/li>\n<li>Te kete ushtruar me pare punen e shoferit te furgonave\/ autobuzave.<\/li>\n<\/ul>\n<p>N\u00ebse mendoni se ky pozicion pune ju p\u00ebrshtatet, atehere bashkojuni skuadr\u00ebs son\u00eb duke d\u00ebrguar CV-n\u00eb tuaj tek adresa <a href=\"mailto:pune@diamant.com.al\"><strong>pune@diamant.com.al<\/strong><\/a> ose duke na kontaktuar ne <strong>tel. +355 676039503.<\/strong><\/p>\n<p>Aplikimet do t\u00eb vler\u00ebsohen dhe kandidatit mund t\u2019i k\u00ebrkohet dhe nje intervist\u00eb pune.<\/p>\n<p>[\/vc_column_text][\/vc_tab][\/vc_tabs][\/vc_column][\/vc_row]<\/p>\n<\/div>","protected":false},"excerpt":{"rendered":"<p>[vc_row][vc_column][vc_tabs][vc_tab title=&#8221;Specialist Transporti&#8221; tab_id=&#8221;9b716078-6478-8&#8243;][vc_column_text]P\u00ebrshkrimi i pozicionit Kompania Diamant po k\u00ebrkon t\u00eb rekrutoj\u00eb Specialist Transporti, detyra kryesore e t\u00eb cilit\/ cil\u00ebs \u00ebsht\u00eb t\u00eb planifikoj\u00eb, organizoj\u00eb dhe koordinoj\u00eb transporte nd\u00ebrkomb\u00ebtare mallrash, n\u00ebp\u00ebrmjet rrug\u00ebve tok\u00ebsore, detare dhe ajrore. Diamant k\u00ebrkon persona t\u00eb apasionuar me logjistik\u00ebn, pun\u00ebs dinamike e n\u00eb grup, me d\u00ebshir\u00eb e vullnet p\u00ebr t\u00eb m\u00ebsuar e&hellip;<\/p>\n","protected":false},"author":3,"featured_media":0,"parent":0,"menu_order":0,"comment_status":"closed","ping_status":"closed","template":"","meta":{"footnotes":""},"class_list":["post-293","page","type-page","status-publish","hentry","description-off"],"_links":{"self":[{"href":"https:\/\/diamant.com.al\/index.php\/wp-json\/wp\/v2\/pages\/293","targetHints":{"allow":["GET"]}}],"collection":[{"href":"https:\/\/diamant.com.al\/index.php\/wp-json\/wp\/v2\/pages"}],"about":[{"href":"https:\/\/diamant.com.al\/index.php\/wp-json\/wp\/v2\/types\/page"}],"author":[{"embeddable":true,"href":"https:\/\/diamant.com.al\/index.php\/wp-json\/wp\/v2\/users\/3"}],"replies":[{"embeddable":true,"href":"https:\/\/diamant.com.al\/index.php\/wp-json\/wp\/v2\/comments?post=293"}],"version-history":[{"count":6,"href":"https:\/\/diamant.com.al\/index.php\/wp-json\/wp\/v2\/pages\/293\/revisions"}],"predecessor-version":[{"id":865,"href":"https:\/\/diamant.com.al\/index.php\/wp-json\/wp\/v2\/pages\/293\/revisions\/865"}],"wp:attachment":[{"href":"https:\/\/diamant.com.al\/index.php\/wp-json\/wp\/v2\/media?parent=293"}],"curies":[{"name":"wp","href":"https:\/\/api.w.org\/{rel}","templated":true}]}}