{"id":288,"date":"2019-07-12T10:46:34","date_gmt":"2019-07-12T10:46:34","guid":{"rendered":"https:\/\/diamant.com.al\/index.php\/contact\/"},"modified":"2024-12-13T15:04:11","modified_gmt":"2024-12-13T15:04:11","slug":"contact","status":"publish","type":"page","link":"https:\/\/diamant.com.al\/index.php\/contact\/?lang=sq","title":{"rendered":"Kontakt"},"content":{"rendered":"<div class=\"wpb-content-wrapper\"><p>[vc_row full_width=&#8221;stretch_row_content_no_spaces&#8221; css=&#8221;.vc_custom_1562859872884{margin-top: -70px !important;}&#8221;][vc_column][vc_gmaps link=&#8221;#E-8_JTNDaWZyYW1lJTIwc3JjJTNEJTIyaHR0cHMlM0ElMkYlMkZ3d3cuZ29vZ2xlLmNvbSUyRm1hcHMlMkZlbWJlZCUzRnBiJTNEJTIxMW0xNCUyMTFtOCUyMTFtMyUyMTFkMTkxNjgxLjI4ODg2MjY0MzYlMjEyZDE5LjUwOTkyNCUyMTNkNDEuMzUxOTE2JTIxM20yJTIxMWkxMDI0JTIxMmk3NjglMjE0ZjEzLjElMjEzbTMlMjExbTIlMjExczB4MCUyNTNBMHhhOTUzZTQxOWQ2ZWNjZGUwJTIxMnNEaWFtYW50JTJCTG9naXN0aWNzJTIxNWUwJTIxM20yJTIxMXNlbiUyMTJzdXMlMjE0djE1NjI4NTk4NzY5ODklMjE1bTIlMjExc2VuJTIxMnN1cyUyMiUyMHdpZHRoJTNEJTIyNjAwJTIyJTIwaGVpZ2h0JTNEJTIyNDUwJTIyJTIwZnJhbWVib3JkZXIlM0QlMjIwJTIyJTIwc3R5bGUlM0QlMjJib3JkZXIlM0EwJTIyJTIwYWxsb3dmdWxsc2NyZWVuJTNFJTNDJTJGaWZyYW1lJTNF&#8221;][\/vc_column][\/vc_row][vc_row][vc_column][vc_custom_heading text=&#8221;Zyrat Qendrore Diamant Durr\u00ebs&#8221; font_container=&#8221;tag:h2|font_size:30|text_align:left|color:%23dd3333&#8243; google_fonts=&#8221;font_family:Roboto%3A100%2C100italic%2C300%2C300italic%2Cregular%2Citalic%2C500%2C500italic%2C700%2C700italic%2C900%2C900italic|font_style:400%20regular%3A400%3Anormal&#8221;][vc_separator][vc_row_inner][vc_column_inner width=&#8221;1\/3&#8243;][vc_column_text]Autostrada Durres Tirane KM5<br \/>\nUra Fllake, 150 M Rr. Nacionale,<br \/>\nXhafzotaj, Durres, Albania<br \/>\nTel : +355 52 219997 \/\/ +355 52 901056<br \/>\n<span style=\"color: #b2150a;\"><a style=\"color: #b2150a;\" href=\"mailto:info@diamant.com.al\">info@diamant.com.al<\/a><\/span>[\/vc_column_text][\/vc_column_inner][vc_column_inner width=&#8221;1\/3&#8243;][vc_column_text]<strong>Orari i Pun\u00ebs<\/strong><br \/>\nE H\u00ebn\u00eb &#8211; E Premte<br \/>\n08:00 &#8211; 13:30 dhe 14:30 &#8211; 17:00<\/p>\n<p>E Shtun\u00eb<br \/>\n09:00 &#8211; 13:00 (vet\u00ebm magazinat)[\/vc_column_text][\/vc_column_inner][vc_column_inner width=&#8221;1\/3&#8243;][vc_column_text]<em>Diamant HQ Durres<\/em>[\/vc_column_text][\/vc_column_inner][\/vc_row_inner][vc_row_inner][vc_column_inner width=&#8221;1\/4&#8243;][vc_column_text]<strong>Dept. Transportit<\/strong><br \/>\nLedia Lezo<br \/>\nTel : +355 52 901 056<br \/>\nMobile : +355 674083231<br \/>\n<span style=\"color: #b2150a;\"><a style=\"color: #b2150a;\" href=\"mailto:l.lezo@diamant.com.al\">l.lezo@diamant.com.al<\/a><\/span>[\/vc_column_text][\/vc_column_inner][vc_column_inner width=&#8221;1\/4&#8243;][vc_column_text]<b>Dept. Magazina<br \/>\n<\/b>Irena Meksi<br \/>\nTel : +355 52 901 056<br \/>\nMobile : +355 67 20 41149<br \/>\n<span style=\"color: #b2150a;\"><a style=\"color: #b2150a;\" href=\"mailto:i.meksi@diamant.com.al\">i.meksi@diamant.com.al<\/a><\/span>[\/vc_column_text][\/vc_column_inner][vc_column_inner width=&#8221;1\/4&#8243;][vc_column_text]<b>Menaxher i P\u00ebrgjithsh\u00ebm<br \/>\n<\/b>Klaid Goga<br \/>\nTel : +355 52 901 056<br \/>\nMobile : +355 676021912<br \/>\n<span style=\"color: #b2150a;\"><a style=\"color: #b2150a;\" href=\"mailto:k.goga@diamant.com.al\">k.goga@diamant.com.al<\/a><\/span>[\/vc_column_text][\/vc_column_inner][\/vc_row_inner][\/vc_column][\/vc_row]<\/p>\n<\/div>","protected":false},"excerpt":{"rendered":"<p>[vc_row full_width=&#8221;stretch_row_content_no_spaces&#8221; css=&#8221;.vc_custom_1562859872884{margin-top: -70px !important;}&#8221;][vc_column][vc_gmaps link=&#8221;#E-8_JTNDaWZyYW1lJTIwc3JjJTNEJTIyaHR0cHMlM0ElMkYlMkZ3d3cuZ29vZ2xlLmNvbSUyRm1hcHMlMkZlbWJlZCUzRnBiJTNEJTIxMW0xNCUyMTFtOCUyMTFtMyUyMTFkMTkxNjgxLjI4ODg2MjY0MzYlMjEyZDE5LjUwOTkyNCUyMTNkNDEuMzUxOTE2JTIxM20yJTIxMWkxMDI0JTIxMmk3NjglMjE0ZjEzLjElMjEzbTMlMjExbTIlMjExczB4MCUyNTNBMHhhOTUzZTQxOWQ2ZWNjZGUwJTIxMnNEaWFtYW50JTJCTG9naXN0aWNzJTIxNWUwJTIxM20yJTIxMXNlbiUyMTJzdXMlMjE0djE1NjI4NTk4NzY5ODklMjE1bTIlMjExc2VuJTIxMnN1cyUyMiUyMHdpZHRoJTNEJTIyNjAwJTIyJTIwaGVpZ2h0JTNEJTIyNDUwJTIyJTIwZnJhbWVib3JkZXIlM0QlMjIwJTIyJTIwc3R5bGUlM0QlMjJib3JkZXIlM0EwJTIyJTIwYWxsb3dmdWxsc2NyZWVuJTNFJTNDJTJGaWZyYW1lJTNF&#8221;][\/vc_column][\/vc_row][vc_row][vc_column][vc_custom_heading text=&#8221;Zyrat Qendrore Diamant Durr\u00ebs&#8221; font_container=&#8221;tag:h2|font_size:30|text_align:left|color:%23dd3333&#8243; google_fonts=&#8221;font_family:Roboto%3A100%2C100italic%2C300%2C300italic%2Cregular%2Citalic%2C500%2C500italic%2C700%2C700italic%2C900%2C900italic|font_style:400%20regular%3A400%3Anormal&#8221;][vc_separator][vc_row_inner][vc_column_inner width=&#8221;1\/3&#8243;][vc_column_text]Autostrada Durres Tirane KM5 Ura Fllake, 150 M Rr. Nacionale, Xhafzotaj, Durres, Albania Tel : +355 52 219997 \/\/ +355 52 901056 info@diamant.com.al[\/vc_column_text][\/vc_column_inner][vc_column_inner width=&#8221;1\/3&#8243;][vc_column_text]Orari i Pun\u00ebs E H\u00ebn\u00eb &#8211; E Premte 08:00 &#8211; 13:30 dhe 14:30 &#8211; 17:00 E Shtun\u00eb 09:00 &#8211; 13:00&hellip;<\/p>\n","protected":false},"author":3,"featured_media":0,"parent":0,"menu_order":0,"comment_status":"closed","ping_status":"closed","template":"","meta":{"footnotes":""},"class_list":["post-288","page","type-page","status-publish","hentry","description-off"],"_links":{"self":[{"href":"https:\/\/diamant.com.al\/index.php\/wp-json\/wp\/v2\/pages\/288","targetHints":{"allow":["GET"]}}],"collection":[{"href":"https:\/\/diamant.com.al\/index.php\/wp-json\/wp\/v2\/pages"}],"about":[{"href":"https:\/\/diamant.com.al\/index.php\/wp-json\/wp\/v2\/types\/page"}],"author":[{"embeddable":true,"href":"https:\/\/diamant.com.al\/index.php\/wp-json\/wp\/v2\/users\/3"}],"replies":[{"embeddable":true,"href":"https:\/\/diamant.com.al\/index.php\/wp-json\/wp\/v2\/comments?post=288"}],"version-history":[{"count":5,"href":"https:\/\/diamant.com.al\/index.php\/wp-json\/wp\/v2\/pages\/288\/revisions"}],"predecessor-version":[{"id":874,"href":"https:\/\/diamant.com.al\/index.php\/wp-json\/wp\/v2\/pages\/288\/revisions\/874"}],"wp:attachment":[{"href":"https:\/\/diamant.com.al\/index.php\/wp-json\/wp\/v2\/media?parent=288"}],"curies":[{"name":"wp","href":"https:\/\/api.w.org\/{rel}","templated":true}]}}