{"id":176,"date":"2019-07-11T14:33:02","date_gmt":"2019-07-11T14:33:02","guid":{"rendered":"https:\/\/diamant.com.al\/index.php\/customs-brokerage\/"},"modified":"2024-12-13T15:02:51","modified_gmt":"2024-12-13T15:02:51","slug":"customs-brokerage","status":"publish","type":"page","link":"https:\/\/diamant.com.al\/index.php\/customs-brokerage\/?lang=sq","title":{"rendered":"Agjensi Doganore"},"content":{"rendered":"<div class=\"wpb-content-wrapper\"><p>[vc_row][vc_column width=&#8221;3\/6&#8243;][vc_column_text]<\/p>\n<p style=\"text-align: justify;\">Diamant ofron sh\u00ebrbim t\u00eb specializuar doganor\u00eb, n\u00eb p\u00ebrputhje t\u00eb plot\u00eb me Kodin Doganor\u00eb Shqiptar\u00eb. Fal\u00eb agjent\u00ebve tan\u00eb doganor\u00eb, ne jemi n\u00eb gj\u00ebndje t\u00eb ofrojm\u00eb nj\u00eb gam\u00eb t\u00eb gjer\u00eb procedurash duke udh\u00ebzuar gjithmon\u00eb mbi dokumentacionin p\u00ebrkat\u00ebs dhe duke asistuar n\u00eb cdo hap t\u00eb zhdoganimit.<\/p>\n<p style=\"text-align: justify;\">Agjensia doganore Diamant ka marr pjese n\u00eb m\u00ebnyr\u00eb aktive n\u00eb projekte t\u00eb r\u00ebnd\u00ebsishm\u00eb, duke siguruar shpejt\u00ebsi n\u00eb procedure, besueshm\u00ebri dhe profesionaliz\u00ebm n\u00eb p\u00ebrfaq\u00ebsimin doganore.<\/p>\n<p>[\/vc_column_text]<div class=\"standard-arrow bullet-top\"><ul>\n<li>Zhdoganime importi, eksporti, tranzite<\/li>\n<li>Magazin\u00eb Doganore\/ Garanci doganore<\/li>\n<li>P\u00ebrpunim aktiv\/ pasiv, mbajtje regjimesh<\/li>\n<li>Regjim i p\u00ebrkohsh\u00ebm<\/li>\n<li>Asistenc\u00eb n\u00eb marrje p\u00ebrjashtimi doganor\u00eb<\/li>\n<li>Konsulenc\u00eb mbi Kodin Doganor\u00eb Shqiptar\u00eb<\/li>\n<\/ul>\n<\/div>[\/vc_column][vc_column width=&#8221;1\/2&#8243;][vc_single_image image=&#8221;17&#8243; img_size=&#8221;full&#8221;][vc_empty_space height=&#8221;10px&#8221;][\/vc_column][\/vc_row][vc_row][vc_column][vc_column_text]<\/p>\n<p style=\"text-align: justify;\">P\u00ebrpos aktiviteteve standard tregtare, jemi t\u00eb specializuar gjithashtu n\u00eb sektor\u00ebt e m\u00ebposht\u00ebm:<\/p>\n<p>[\/vc_column_text][vc_empty_space height=&#8221;20px&#8221;][vc_row_inner][vc_column_inner width=&#8221;1\/2&#8243;]<div class=\"aio-icon-component    style_1\"><div id=\"Info-box-wrap-3881\" class=\"aio-icon-box default-icon\" style=\"\"  ><div class=\"aio-icon-default\"><div class=\"ult-just-icon-wrapper  \"><div class=\"align-icon\" style=\"text-align:center;\">\n<div class=\"aio-icon-img \" style=\"font-size:45px;display:inline-block;\" >\n\t<img decoding=\"async\" class=\"img-icon\" alt=\"null\" src=\"https:\/\/diamant.com.al\/wp-content\/uploads\/2021\/01\/worker.png\"\/>\n<\/div><\/div><\/div><\/div><div class=\"aio-icon-header\" ><h3 class=\"aio-icon-title ult-responsive\"  data-ultimate-target='#Info-box-wrap-3881 .aio-icon-title'  data-responsive-json-new='{\"font-size\":\"\",\"line-height\":\"\"}'  style=\"\">Industria e naft\u00ebs<\/h3><\/div> <!-- header --><\/div> <!-- aio-icon-box --><\/div> <!-- aio-icon-component --><div class=\"aio-icon-component    style_1\"><div id=\"Info-box-wrap-1578\" class=\"aio-icon-box default-icon\" style=\"\"  ><div class=\"aio-icon-default\"><div class=\"ult-just-icon-wrapper  \"><div class=\"align-icon\" style=\"text-align:center;\">\n<div class=\"aio-icon-img \" style=\"font-size:45px;display:inline-block;\" >\n\t<img decoding=\"async\" class=\"img-icon\" alt=\"null\" src=\"https:\/\/diamant.com.al\/wp-content\/uploads\/2021\/01\/cargo.png\"\/>\n<\/div><\/div><\/div><\/div><div class=\"aio-icon-header\" ><h3 class=\"aio-icon-title ult-responsive\"  data-ultimate-target='#Info-box-wrap-1578 .aio-icon-title'  data-responsive-json-new='{\"font-size\":\"\",\"line-height\":\"\"}'  style=\"\">Makineri t\u00eb r\u00ebnda \u2013 Projekte nd\u00ebrtimi<\/h3><\/div> <!-- header --><\/div> <!-- aio-icon-box --><\/div> <!-- aio-icon-component -->[\/vc_column_inner][vc_column_inner width=&#8221;1\/2&#8243;]<div class=\"aio-icon-component    style_1\"><div id=\"Info-box-wrap-4149\" class=\"aio-icon-box default-icon\" style=\"\"  ><div class=\"aio-icon-default\"><div class=\"ult-just-icon-wrapper  \"><div class=\"align-icon\" style=\"text-align:center;\">\n<div class=\"aio-icon-img \" style=\"font-size:45px;display:inline-block;\" >\n\t<img decoding=\"async\" class=\"img-icon\" alt=\"null\" src=\"https:\/\/diamant.com.al\/wp-content\/uploads\/2021\/01\/warehouse.png\"\/>\n<\/div><\/div><\/div><\/div><div class=\"aio-icon-header\" ><h3 class=\"aio-icon-title ult-responsive\"  data-ultimate-target='#Info-box-wrap-4149 .aio-icon-title'  data-responsive-json-new='{\"font-size\":\"\",\"line-height\":\"\"}'  style=\"\">Fabrika\/ Fasoneri<\/h3><\/div> <!-- header --><\/div> <!-- aio-icon-box --><\/div> <!-- aio-icon-component --><div class=\"aio-icon-component    style_1\"><div id=\"Info-box-wrap-4295\" class=\"aio-icon-box default-icon\" style=\"\"  ><div class=\"aio-icon-default\"><div class=\"ult-just-icon-wrapper  \"><div class=\"align-icon\" style=\"text-align:center;\">\n<div class=\"aio-icon-img \" style=\"font-size:45px;display:inline-block;\" >\n\t<img decoding=\"async\" class=\"img-icon\" alt=\"null\" src=\"https:\/\/diamant.com.al\/wp-content\/uploads\/2021\/01\/shipping.png\"\/>\n<\/div><\/div><\/div><\/div><div class=\"aio-icon-header\" ><h3 class=\"aio-icon-title ult-responsive\"  data-ultimate-target='#Info-box-wrap-4295 .aio-icon-title'  data-responsive-json-new='{\"font-size\":\"\",\"line-height\":\"\"}'  style=\"\">Zhdoganime anijesh<\/h3><\/div> <!-- header --><\/div> <!-- aio-icon-box --><\/div> <!-- aio-icon-component -->[\/vc_column_inner][\/vc_row_inner][\/vc_column][\/vc_row]<\/p>\n<\/div>","protected":false},"excerpt":{"rendered":"<p>[vc_row][vc_column width=&#8221;3\/6&#8243;][vc_column_text] Diamant ofron sh\u00ebrbim t\u00eb specializuar doganor\u00eb, n\u00eb p\u00ebrputhje t\u00eb plot\u00eb me Kodin Doganor\u00eb Shqiptar\u00eb. Fal\u00eb agjent\u00ebve tan\u00eb doganor\u00eb, ne jemi n\u00eb gj\u00ebndje t\u00eb ofrojm\u00eb nj\u00eb gam\u00eb t\u00eb gjer\u00eb procedurash duke udh\u00ebzuar gjithmon\u00eb mbi dokumentacionin p\u00ebrkat\u00ebs dhe duke asistuar n\u00eb cdo hap t\u00eb zhdoganimit. Agjensia doganore Diamant ka marr pjese n\u00eb m\u00ebnyr\u00eb aktive n\u00eb&hellip;<\/p>\n","protected":false},"author":3,"featured_media":0,"parent":0,"menu_order":0,"comment_status":"closed","ping_status":"closed","template":"","meta":{"footnotes":""},"class_list":["post-176","page","type-page","status-publish","hentry","description-off"],"_links":{"self":[{"href":"https:\/\/diamant.com.al\/index.php\/wp-json\/wp\/v2\/pages\/176","targetHints":{"allow":["GET"]}}],"collection":[{"href":"https:\/\/diamant.com.al\/index.php\/wp-json\/wp\/v2\/pages"}],"about":[{"href":"https:\/\/diamant.com.al\/index.php\/wp-json\/wp\/v2\/types\/page"}],"author":[{"embeddable":true,"href":"https:\/\/diamant.com.al\/index.php\/wp-json\/wp\/v2\/users\/3"}],"replies":[{"embeddable":true,"href":"https:\/\/diamant.com.al\/index.php\/wp-json\/wp\/v2\/comments?post=176"}],"version-history":[{"count":10,"href":"https:\/\/diamant.com.al\/index.php\/wp-json\/wp\/v2\/pages\/176\/revisions"}],"predecessor-version":[{"id":873,"href":"https:\/\/diamant.com.al\/index.php\/wp-json\/wp\/v2\/pages\/176\/revisions\/873"}],"wp:attachment":[{"href":"https:\/\/diamant.com.al\/index.php\/wp-json\/wp\/v2\/media?parent=176"}],"curies":[{"name":"wp","href":"https:\/\/api.w.org\/{rel}","templated":true}]}}