{"id":171,"date":"2019-07-11T14:22:00","date_gmt":"2019-07-11T14:22:00","guid":{"rendered":"https:\/\/diamant.com.al\/index.php\/project-cargo\/"},"modified":"2021-01-22T16:06:26","modified_gmt":"2021-01-22T16:06:26","slug":"project-cargo","status":"publish","type":"page","link":"https:\/\/diamant.com.al\/index.php\/project-cargo\/?lang=sq","title":{"rendered":"Projekte"},"content":{"rendered":"<div class=\"wpb-content-wrapper\"><p>[vc_row][vc_column width=&#8221;3\/6&#8243;][vc_column_text]<\/p>\n<p style=\"text-align: justify;\"><span style=\"color: #333333;\">Diamant kryeson n\u00eb fush\u00ebn e transporteve t\u00eb r\u00ebnda dhe jasht\u00eb norme, duke zbatuar praktikat<br \/>\nm\u00eb t\u00eb mira t\u00eb industris\u00eb dhe duke ruajtur nj\u00eb nivel t\u00eb lart\u00eb sigurie dhe korrekt\u00ebsie. P\u00ebrgjat\u00eb viteve kemi marr pjes\u00eb n\u00eb shum\u00eb projekte t\u00eb r\u00ebnd\u00ebsishme si nd\u00ebrtim fabrikash, hidrocentrale e termocentrale si dhe jemi prezent n\u00eb sektorin e naft\u00ebs dhe gazit duke ofruar t\u00eb gjith\u00eb mb\u00ebshtetjen e nevojshme logjistike. Ekipi yn\u00eb \u00ebsht\u00eb cel\u00ebsi i suksesit, ku fal\u00eb eksperienc\u00ebs dhe profesionalizmit, arrijn\u00eb gjithnj\u00eb t\u00eb gjejne zgjidhje dhe t\u00eb dor\u00ebzojn\u00eb n\u00eb koh\u00eb.<\/span><\/p>\n<p>[\/vc_column_text]<div class=\"standard-arrow bullet-top\"><ul>\n<li>Transporte jasht\u00eb norme dhe t\u00eb r\u00ebnda<\/li>\n<li>Studim rruge<\/li>\n<li>Leje dhe shoq\u00ebrim<\/li>\n<li>Sh\u00ebrbime vinci dhe qira mjetesh<\/li>\n<li>Aktiv n\u00eb industrin\u00eb e naftes e gazit, nd\u00ebrtime fabrikash<\/li>\n<li>Sh\u00ebrbime prokurimi<\/li>\n<\/ul>\n<\/div>[\/vc_column][vc_column width=&#8221;1\/2&#8243;][vc_column_text][fc id=&#8217;5&#8242;][\/fc][\/vc_column_text][vc_empty_space height=&#8221;10px&#8221;][\/vc_column][\/vc_row][vc_row][vc_column][vc_empty_space height=&#8221;20px&#8221;][vc_row_inner][vc_column_inner width=&#8221;1\/2&#8243;]<div class=\"aio-icon-component    style_1\"><div id=\"Info-box-wrap-9745\" class=\"aio-icon-box default-icon\" style=\"\"  ><div class=\"aio-icon-default\"><div class=\"ult-just-icon-wrapper  \"><div class=\"align-icon\" style=\"text-align:center;\">\n<div class=\"aio-icon-img \" style=\"font-size:45px;display:inline-block;\" >\n\t<img decoding=\"async\" class=\"img-icon\" alt=\"null\" src=\"https:\/\/diamant.com.al\/wp-content\/uploads\/2021\/01\/cargo.png\"\/>\n<\/div><\/div><\/div><\/div><div class=\"aio-icon-header\" ><h3 class=\"aio-icon-title ult-responsive\"  data-ultimate-target='#Info-box-wrap-9745 .aio-icon-title'  data-responsive-json-new='{\"font-size\":\"\",\"line-height\":\"\"}'  style=\"\">Eksperienc\u00eb dhe njohuri vendase<\/h3><\/div> <!-- header --><\/div> <!-- aio-icon-box --><\/div> <!-- aio-icon-component --><div class=\"aio-icon-component    style_1\"><div id=\"Info-box-wrap-6948\" class=\"aio-icon-box default-icon\" style=\"\"  ><div class=\"aio-icon-default\"><div class=\"ult-just-icon-wrapper  \"><div class=\"align-icon\" style=\"text-align:center;\">\n<div class=\"aio-icon-img \" style=\"font-size:45px;display:inline-block;\" >\n\t<img decoding=\"async\" class=\"img-icon\" alt=\"null\" src=\"https:\/\/diamant.com.al\/wp-content\/uploads\/2021\/01\/deal.png\"\/>\n<\/div><\/div><\/div><\/div><div class=\"aio-icon-header\" ><h3 class=\"aio-icon-title ult-responsive\"  data-ultimate-target='#Info-box-wrap-6948 .aio-icon-title'  data-responsive-json-new='{\"font-size\":\"\",\"line-height\":\"\"}'  style=\"\">Partner\u00eb t\u00eb besuesh\u00ebm n\u00eb sektor<\/h3><\/div> <!-- header --><\/div> <!-- aio-icon-box --><\/div> <!-- aio-icon-component -->[\/vc_column_inner][vc_column_inner width=&#8221;1\/2&#8243;]<div class=\"aio-icon-component    style_1\"><div id=\"Info-box-wrap-1582\" class=\"aio-icon-box default-icon\" style=\"\"  ><div class=\"aio-icon-default\"><div class=\"ult-just-icon-wrapper  \"><div class=\"align-icon\" style=\"text-align:center;\">\n<div class=\"aio-icon-img \" style=\"font-size:45px;display:inline-block;\" >\n\t<img decoding=\"async\" class=\"img-icon\" alt=\"null\" src=\"https:\/\/diamant.com.al\/wp-content\/uploads\/2021\/01\/secure-shield.png\"\/>\n<\/div><\/div><\/div><\/div><div class=\"aio-icon-header\" ><h3 class=\"aio-icon-title ult-responsive\"  data-ultimate-target='#Info-box-wrap-1582 .aio-icon-title'  data-responsive-json-new='{\"font-size\":\"\",\"line-height\":\"\"}'  style=\"\">Standarde t\u00eb larta sigurie dhe Sh\u00ebndeti n\u00eb pun\u00eb<\/h3><\/div> <!-- header --><\/div> <!-- aio-icon-box --><\/div> <!-- aio-icon-component --><div class=\"aio-icon-component    style_1\"><div id=\"Info-box-wrap-6473\" class=\"aio-icon-box default-icon\" style=\"\"  ><div class=\"aio-icon-default\"><div class=\"ult-just-icon-wrapper  \"><div class=\"align-icon\" style=\"text-align:center;\">\n<div class=\"aio-icon-img \" style=\"font-size:45px;display:inline-block;\" >\n\t<img decoding=\"async\" class=\"img-icon\" alt=\"null\" src=\"https:\/\/diamant.com.al\/wp-content\/uploads\/2021\/01\/road.png\"\/>\n<\/div><\/div><\/div><\/div><div class=\"aio-icon-header\" ><h3 class=\"aio-icon-title ult-responsive\"  data-ultimate-target='#Info-box-wrap-6473 .aio-icon-title'  data-responsive-json-new='{\"font-size\":\"\",\"line-height\":\"\"}'  style=\"\">Zbatim i plot\u00eb i rregullave rrugor\u00eb<\/h3><\/div> <!-- header --><\/div> <!-- aio-icon-box --><\/div> <!-- aio-icon-component -->[\/vc_column_inner][\/vc_row_inner][\/vc_column][\/vc_row]<\/p>\n<\/div>","protected":false},"excerpt":{"rendered":"<p>[vc_row][vc_column width=&#8221;3\/6&#8243;][vc_column_text] Diamant kryeson n\u00eb fush\u00ebn e transporteve t\u00eb r\u00ebnda dhe jasht\u00eb norme, duke zbatuar praktikat m\u00eb t\u00eb mira t\u00eb industris\u00eb dhe duke ruajtur nj\u00eb nivel t\u00eb lart\u00eb sigurie dhe korrekt\u00ebsie. P\u00ebrgjat\u00eb viteve kemi marr pjes\u00eb n\u00eb shum\u00eb projekte t\u00eb r\u00ebnd\u00ebsishme si nd\u00ebrtim fabrikash, hidrocentrale e termocentrale si dhe jemi prezent n\u00eb sektorin e naft\u00ebs&hellip;<\/p>\n","protected":false},"author":3,"featured_media":0,"parent":0,"menu_order":0,"comment_status":"closed","ping_status":"closed","template":"","meta":{"footnotes":""},"class_list":["post-171","page","type-page","status-publish","hentry","description-off"],"_links":{"self":[{"href":"https:\/\/diamant.com.al\/index.php\/wp-json\/wp\/v2\/pages\/171","targetHints":{"allow":["GET"]}}],"collection":[{"href":"https:\/\/diamant.com.al\/index.php\/wp-json\/wp\/v2\/pages"}],"about":[{"href":"https:\/\/diamant.com.al\/index.php\/wp-json\/wp\/v2\/types\/page"}],"author":[{"embeddable":true,"href":"https:\/\/diamant.com.al\/index.php\/wp-json\/wp\/v2\/users\/3"}],"replies":[{"embeddable":true,"href":"https:\/\/diamant.com.al\/index.php\/wp-json\/wp\/v2\/comments?post=171"}],"version-history":[{"count":11,"href":"https:\/\/diamant.com.al\/index.php\/wp-json\/wp\/v2\/pages\/171\/revisions"}],"predecessor-version":[{"id":622,"href":"https:\/\/diamant.com.al\/index.php\/wp-json\/wp\/v2\/pages\/171\/revisions\/622"}],"wp:attachment":[{"href":"https:\/\/diamant.com.al\/index.php\/wp-json\/wp\/v2\/media?parent=171"}],"curies":[{"name":"wp","href":"https:\/\/api.w.org\/{rel}","templated":true}]}}