{"id":168,"date":"2019-07-11T14:12:34","date_gmt":"2019-07-11T14:12:34","guid":{"rendered":"https:\/\/diamant.com.al\/index.php\/ocean-and-air-freight\/"},"modified":"2019-07-12T09:58:34","modified_gmt":"2019-07-12T09:58:34","slug":"ocean-and-air-freight","status":"publish","type":"page","link":"https:\/\/diamant.com.al\/index.php\/ocean-and-air-freight\/?lang=sq","title":{"rendered":"Transport detar &#038; ajror"},"content":{"rendered":"<div class=\"wpb-content-wrapper\"><p>[vc_row][vc_column][vc_column_text]<\/p>\n<p style=\"text-align: justify;\"><span style=\"color: #333333;\">Pozicioni yn\u00eb strategjik pran\u00eb Portit t\u00eb Durr\u00ebsit dhe pak kilometra larg nga Aeroporti Internacional i Tiran\u00ebs (TIA) na mund\u00ebsojn\u00eb q\u00eb t\u00eb ofrojm\u00eb nj\u00eb spedicion konkurrues, si detar ashtu edhe ajror n\u00eb fushat e import\/eksportit. Diamant g\u00ebzon aft\u00ebsin\u00eb e t\u00eb operuarit n\u00eb mbi 80 shtete n\u00eb bot\u00eb, fal\u00eb bashk\u00ebpunimeve t\u00eb saj me <strong>partner\u00eb strategjik\u00eb<\/strong>, t\u00eb cil\u00ebt ndajn\u00eb t\u00eb njejtin pasion dhe t\u00eb nj\u00ebjtat vlera mbi logjistik\u00ebn sikurse Diamant. <\/span><\/p>\n<p style=\"text-align: justify;\"><span style=\"color: #333333;\">P\u00ebrsa i p\u00ebrket sektorit t\u00eb kontenier\u00ebve, Diamant kombinon eksperienc\u00ebn e tij shum\u00eb vje\u00e7are ne fush\u00ebn e logjsitik\u00ebs me linjat kryesore t\u00eb konteiner\u00ebve n\u00eb Shqip\u00ebri me q\u00ebllim q\u00eb t\u00eb ofrohen <strong>zgjidhjet m\u00eb t\u00eb mira<\/strong> p\u00ebr nevojat e kompanis\u00eb suaj. Gjat\u00eb viteve t\u00eb fundit, Diamant Logistics ka q\u00ebn\u00eb gjithashtu i angazhuar n\u00eb ofrimin e sh\u00ebrbimeve grupazh me konteiner\u00eb <strong>LCL nga Kina dhe Azia<\/strong>, si pasoj\u00eb e k\u00ebrkes\u00ebs gjithnj\u00eb e n\u00eb rritje t\u00eb klient\u00ebve p\u00ebr k\u00ebt\u00eb sh\u00ebrbim.<\/span><\/p>\n<p style=\"text-align: justify;\"><span style=\"color: #333333;\">N\u00eb sektorin ajror, kompania krenohet me eksperienc\u00ebn dhe njohurit\u00eb e saj n\u00eb fush\u00ebn e d\u00ebrgesave normale dhe express, nga mostrat deri tek paletat, duke shfryt\u00ebzuar m\u00eb s\u00eb miri linjat operuese n\u00eb Aeroportin \u201cN\u00ebn\u00eb Tereza\u201d. N\u00eb rastet kur ngarkesa i tejkalon p\u00ebrmasat e lejuara nga k\u00ebto linja, at\u00ebher\u00eb Diamant p\u00ebrpiqet t\u00eb gjej\u00eb zgjidhje t\u00eb tjera multimodale n\u00eb m\u00ebnyr\u00eb q\u00eb ngarkesa juaj t\u00eb transportohet n\u00eb koh\u00eb reale dhe pa rrezik n\u00eb Shqip\u00ebri.<\/span><\/p>\n<p>[\/vc_column_text][\/vc_column][\/vc_row][vc_row][vc_column width=&#8221;1\/2&#8243;][\/vc_column][vc_column width=&#8221;1\/2&#8243;][vc_column_text]<\/p>\n<p style=\"text-align: right;\"><span style=\"color: #333333;\"><b>Transport Detar &amp; Ajror<\/b><\/span><\/p>\n<p style=\"text-align: right;\"><span style=\"color: #333333;\"><br \/>\nTel : +355 52 901056<\/span><br \/>\n<span style=\"color: #d13030;\"><a style=\"color: #d13030;\" href=\"mailto:forwarding@diamant.com.al\">forwarding@diamant.com.al<\/a><\/span><\/p>\n<p>[\/vc_column_text][\/vc_column][\/vc_row]<\/p>\n<\/div>","protected":false},"excerpt":{"rendered":"<p>[vc_row][vc_column][vc_column_text] Pozicioni yn\u00eb strategjik pran\u00eb Portit t\u00eb Durr\u00ebsit dhe pak kilometra larg nga Aeroporti Internacional i Tiran\u00ebs (TIA) na mund\u00ebsojn\u00eb q\u00eb t\u00eb ofrojm\u00eb nj\u00eb spedicion konkurrues, si detar ashtu edhe ajror n\u00eb fushat e import\/eksportit. Diamant g\u00ebzon aft\u00ebsin\u00eb e t\u00eb operuarit n\u00eb mbi 80 shtete n\u00eb bot\u00eb, fal\u00eb bashk\u00ebpunimeve t\u00eb saj me partner\u00eb strategjik\u00eb, t\u00eb&hellip;<\/p>\n","protected":false},"author":3,"featured_media":0,"parent":0,"menu_order":0,"comment_status":"closed","ping_status":"closed","template":"","meta":{"footnotes":""},"class_list":["post-168","page","type-page","status-publish","hentry","description-off"],"_links":{"self":[{"href":"https:\/\/diamant.com.al\/index.php\/wp-json\/wp\/v2\/pages\/168","targetHints":{"allow":["GET"]}}],"collection":[{"href":"https:\/\/diamant.com.al\/index.php\/wp-json\/wp\/v2\/pages"}],"about":[{"href":"https:\/\/diamant.com.al\/index.php\/wp-json\/wp\/v2\/types\/page"}],"author":[{"embeddable":true,"href":"https:\/\/diamant.com.al\/index.php\/wp-json\/wp\/v2\/users\/3"}],"replies":[{"embeddable":true,"href":"https:\/\/diamant.com.al\/index.php\/wp-json\/wp\/v2\/comments?post=168"}],"version-history":[{"count":2,"href":"https:\/\/diamant.com.al\/index.php\/wp-json\/wp\/v2\/pages\/168\/revisions"}],"predecessor-version":[{"id":170,"href":"https:\/\/diamant.com.al\/index.php\/wp-json\/wp\/v2\/pages\/168\/revisions\/170"}],"wp:attachment":[{"href":"https:\/\/diamant.com.al\/index.php\/wp-json\/wp\/v2\/media?parent=168"}],"curies":[{"name":"wp","href":"https:\/\/api.w.org\/{rel}","templated":true}]}}