{"id":157,"date":"2019-07-11T10:39:48","date_gmt":"2019-07-11T10:39:48","guid":{"rendered":"https:\/\/diamant.com.al\/index.php\/profile\/"},"modified":"2021-02-19T13:32:33","modified_gmt":"2021-02-19T13:32:33","slug":"profile","status":"publish","type":"page","link":"https:\/\/diamant.com.al\/index.php\/profile\/?lang=sq","title":{"rendered":"Profili"},"content":{"rendered":"<div class=\"wpb-content-wrapper\"><p>[vc_row][vc_column width=&#8221;1\/2&#8243;][vc_custom_heading text=&#8221;EKSPERIENC\u00cb, P\u00cbRGJEGJSHM\u00cbRI,&#8221; font_container=&#8221;tag:h2|font_size:26|text_align:left|color:%23fa0511&#8243; google_fonts=&#8221;font_family:Roboto%3A100%2C100italic%2C300%2C300italic%2Cregular%2Citalic%2C500%2C500italic%2C700%2C700italic%2C900%2C900italic|font_style:500%20bold%20regular%3A500%3Anormal&#8221;][vc_custom_heading text=&#8221;BESUESHM\u00cbRI&#8221; font_container=&#8221;tag:h2|font_size:26|text_align:left|color:%23fa0511&#8243; google_fonts=&#8221;font_family:Roboto%3A100%2C100italic%2C300%2C300italic%2Cregular%2Citalic%2C500%2C500italic%2C700%2C700italic%2C900%2C900italic|font_style:500%20bold%20regular%3A500%3Anormal&#8221; css=&#8221;.vc_custom_1562924808074{margin-top: -20px !important;}&#8221;][vc_column_text]<\/p>\n<p style=\"text-align: justify;\"><span style=\"color: #333333;\">Diamant Logistics \u00ebsht\u00eb kompani lider n\u00eb industrin\u00eb e transportit dhe logjistik\u00ebs n\u00eb Shqip\u00ebri. Themeluar n\u00eb vitin 1994, Diamant zot\u00ebron nj\u00eb terminal logjistik m\u00eb tep\u00ebr se 50.000 m2 pran\u00eb portit t\u00eb Durr\u00ebsit, ku 11.000 sqm prej tyre jan\u00eb magazina, duke ofruar sh\u00ebrbime t\u00eb ndryshme logjistike si transport nd\u00ebrkomb\u00ebtar\u00eb mallrash n\u00eb rrug\u00eb tok\u00ebsore, detare dhe ajrore, spedicione, sh\u00ebrbime magazinazhi, magazine doganore si dhe sherbime doganore n\u00ebp\u00ebrmjet zyrave p\u00ebrfaq\u00ebsuese ne Durr\u00ebs dhe Tiran\u00eb.<\/span><\/p>\n<p style=\"text-align: justify;\"><span style=\"color: #333333;\">Diamant \u00ebsht\u00eb i specializuar n\u00eb logjistik\u00ebn e projekteve. Prej shum\u00eb vitesh kemi marr pjes\u00eb n\u00eb m\u00ebnyr\u00eb aktive n\u00eb projekte t\u00eb r\u00ebnd\u00ebsishm\u00eb, duke kryer transporte t\u00eb r\u00ebnda e jasht\u00eb norme, planifikim e studime, ngarkim \u2013 shkarkim si dhe makineri t\u00eb r\u00ebnda e pajisje kantieri me qera, ku n\u00eb fokus kemi gjithnj\u00eb respektimin e afateve dhe sigurin\u00eb n\u00eb pun\u00eb.<\/span><\/p>\n<p>[\/vc_column_text][\/vc_column][vc_column width=&#8221;1\/2&#8243;][vc_video link=&#8221;https:\/\/www.youtube.com\/watch?v=6gREPCMIPoI&#8221;][vc_custom_heading text=&#8221;Shiko videon e fundit: Diamant Leads the Way!&#8221; font_container=&#8221;tag:h2|font_size:16|text_align:left|color:%23333333&#8243; google_fonts=&#8221;font_family:Roboto%3A100%2C100italic%2C300%2C300italic%2Cregular%2Citalic%2C500%2C500italic%2C700%2C700italic%2C900%2C900italic|font_style:300%20light%20italic%3A300%3Aitalic&#8221;][vc_column_text]<\/p>\n<p style=\"text-align: justify;\"><span style=\"color: #333333;\">Fal\u00eb eksperienc\u00ebs disa vjecare dhe nj\u00eb rrjeti t\u00eb fort\u00eb partner\u00ebsh nd\u00ebrkomb\u00ebtar\u00eb, ne ofrojm\u00eb zgjidhje n\u00eb cdo k\u00ebrkes\u00eb transporti e logjistike, duke punuar me standardet m\u00eb t\u00eb larta t\u00eb industris\u00eb.<\/span><\/p>\n<p>[\/vc_column_text][\/vc_column][\/vc_row]<\/p>\n<\/div>","protected":false},"excerpt":{"rendered":"<p>[vc_row][vc_column width=&#8221;1\/2&#8243;][vc_custom_heading text=&#8221;EKSPERIENC\u00cb, P\u00cbRGJEGJSHM\u00cbRI,&#8221; font_container=&#8221;tag:h2|font_size:26|text_align:left|color:%23fa0511&#8243; google_fonts=&#8221;font_family:Roboto%3A100%2C100italic%2C300%2C300italic%2Cregular%2Citalic%2C500%2C500italic%2C700%2C700italic%2C900%2C900italic|font_style:500%20bold%20regular%3A500%3Anormal&#8221;][vc_custom_heading text=&#8221;BESUESHM\u00cbRI&#8221; font_container=&#8221;tag:h2|font_size:26|text_align:left|color:%23fa0511&#8243; google_fonts=&#8221;font_family:Roboto%3A100%2C100italic%2C300%2C300italic%2Cregular%2Citalic%2C500%2C500italic%2C700%2C700italic%2C900%2C900italic|font_style:500%20bold%20regular%3A500%3Anormal&#8221; css=&#8221;.vc_custom_1562924808074{margin-top: -20px !important;}&#8221;][vc_column_text] Diamant Logistics \u00ebsht\u00eb kompani lider n\u00eb industrin\u00eb e transportit dhe logjistik\u00ebs n\u00eb Shqip\u00ebri. Themeluar n\u00eb vitin 1994, Diamant zot\u00ebron nj\u00eb terminal logjistik m\u00eb tep\u00ebr se 50.000 m2 pran\u00eb portit t\u00eb Durr\u00ebsit, ku 11.000 sqm prej tyre jan\u00eb magazina, duke ofruar sh\u00ebrbime t\u00eb ndryshme&hellip;<\/p>\n","protected":false},"author":3,"featured_media":0,"parent":0,"menu_order":0,"comment_status":"closed","ping_status":"closed","template":"","meta":{"footnotes":""},"class_list":["post-157","page","type-page","status-publish","hentry","description-off"],"_links":{"self":[{"href":"https:\/\/diamant.com.al\/index.php\/wp-json\/wp\/v2\/pages\/157","targetHints":{"allow":["GET"]}}],"collection":[{"href":"https:\/\/diamant.com.al\/index.php\/wp-json\/wp\/v2\/pages"}],"about":[{"href":"https:\/\/diamant.com.al\/index.php\/wp-json\/wp\/v2\/types\/page"}],"author":[{"embeddable":true,"href":"https:\/\/diamant.com.al\/index.php\/wp-json\/wp\/v2\/users\/3"}],"replies":[{"embeddable":true,"href":"https:\/\/diamant.com.al\/index.php\/wp-json\/wp\/v2\/comments?post=157"}],"version-history":[{"count":5,"href":"https:\/\/diamant.com.al\/index.php\/wp-json\/wp\/v2\/pages\/157\/revisions"}],"predecessor-version":[{"id":685,"href":"https:\/\/diamant.com.al\/index.php\/wp-json\/wp\/v2\/pages\/157\/revisions\/685"}],"wp:attachment":[{"href":"https:\/\/diamant.com.al\/index.php\/wp-json\/wp\/v2\/media?parent=157"}],"curies":[{"name":"wp","href":"https:\/\/api.w.org\/{rel}","templated":true}]}}